{"id":5154,"date":"2025-02-07T14:17:22","date_gmt":"2025-02-07T13:17:22","guid":{"rendered":"https:\/\/www.nanopool.eu\/lentreprise\/"},"modified":"2025-03-27T16:19:09","modified_gmt":"2025-03-27T15:19:09","slug":"lentreprise","status":"publish","type":"page","link":"https:\/\/www.nanopool.eu\/fr\/lentreprise\/","title":{"rendered":"L&rsquo;entreprise"},"content":{"rendered":"<p><div class=\"fusion-fullwidth fullwidth-box fusion-builder-row-1 fusion-flex-container has-pattern-background has-mask-background nonhundred-percent-fullwidth non-hundred-percent-height-scrolling\" style=\"--awb-border-radius-top-left:0px;--awb-border-radius-top-right:0px;--awb-border-radius-bottom-right:0px;--awb-border-radius-bottom-left:0px;--awb-padding-top:0px;--awb-padding-right:0px;--awb-padding-bottom:0px;--awb-padding-left:0px;--awb-padding-top-medium:0px;--awb-padding-right-medium:0px;--awb-padding-bottom-medium:0px;--awb-padding-left-medium:0px;--awb-padding-top-small:0px;--awb-padding-right-small:0px;--awb-padding-bottom-small:0px;--awb-padding-left-small:0px;--awb-margin-top:0px;--awb-margin-bottom:100px;--awb-background-color:rgba(255,255,255,0.56);--awb-background-color-small:rgba(255,255,255,0.56);--awb-background-image:linear-gradient(180deg, var(--awb-color1) 0%,rgba(255,255,255,0) 100%);--awb-flex-wrap:wrap;--awb-flex-wrap-medium:nowrap;--awb-flex-wrap-small:wrap;\" ><div class=\"fusion-builder-row fusion-row fusion-flex-align-items-center fusion-flex-content-wrap\" style=\"max-width:1248px;margin-left: calc(-4% \/ 2 );margin-right: calc(-4% \/ 2 );\"><div class=\"fusion-layout-column fusion_builder_column fusion-builder-column-0 fusion_builder_column_1_1 1_1 fusion-flex-column fusion-animated\" style=\"--awb-padding-right:40px;--awb-padding-bottom:60px;--awb-padding-left:40px;--awb-bg-color:rgba(255,255,255,0);--awb-bg-color-hover:rgba(255,255,255,0);--awb-bg-size:cover;--awb-width-large:100%;--awb-margin-top-large:50px;--awb-spacing-right-large:0px;--awb-margin-bottom-large:0px;--awb-spacing-left-large:0px;--awb-width-medium:100%;--awb-order-medium:0;--awb-spacing-right-medium:0px;--awb-spacing-left-medium:0px;--awb-width-small:100%;--awb-order-small:0;--awb-spacing-right-small:1.92%;--awb-spacing-left-small:1.92%;\" data-animationType=\"fadeInDown\" data-animationDuration=\"1.3\" data-animationOffset=\"top-into-view\" data-scroll-devices=\"small-visibility,medium-visibility,large-visibility\"><div class=\"fusion-column-wrapper fusion-column-has-shadow fusion-flex-justify-content-flex-start fusion-content-layout-column\"><div class=\"fusion-title title fusion-title-1 fusion-sep-none fusion-title-text fusion-title-size-one\" style=\"--awb-text-color:var(--awb-color6);--awb-margin-top:0px;--awb-margin-bottom:0px;--awb-margin-bottom-small:24px;\"><h1 class=\"fusion-title-heading title-heading-left fusion-responsive-typography-calculated\" style=\"font-family:&quot;Montserrat&quot;;font-style:normal;font-weight:600;margin:0;text-transform:uppercase;--fontSize:64;line-height:1.2;\"><h1><strong>L\u2019entreprise<\/strong><\/h1><\/h1><\/div><div class=\"fusion-text fusion-text-1\" style=\"--awb-content-alignment:left;--awb-font-size:20px;--awb-text-color:var(--awb-color6);--awb-text-font-family:&quot;Montserrat&quot;;--awb-text-font-style:normal;--awb-text-font-weight:400;\"><p>La soci\u00e9t\u00e9 Nanopool<sup>\u00ae<\/sup> GmbH, bas\u00e9e \u00e0 H\u00fclzweiler en Allemagne, est une entreprise familiale innovante qui se consacre depuis 2002 au d\u00e9veloppement et \u00e0 la fabrication de rev\u00eatements protecteurs durables et haute performance pour la fonctionnalisation des surfaces.<\/p>\n<p>Notre technologie r\u00e9volutionnaire, bas\u00e9e sur une multitude de brevets, nous a permis de cr\u00e9er des solutions de protection \u00e0 long terme pour presque tous les types de mat\u00e9riaux organiques et inorganiques. Cette protection optimise les surfaces en les rendant plus hygi\u00e9niques, durables et r\u00e9sistantes, en renfor\u00e7ant leurs d\u00e9fenses contre les contaminants tels que les virus, les bact\u00e9ries et les moisissures. Ces am\u00e9liorations transforment les conditions de vie et de travail des personnes \u00e0 travers le monde.<\/p>\n<p>Chaque produit que nous fabriquons chez Nanopool<sup>\u00ae<\/sup> est bas\u00e9 sur les derni\u00e8res connaissances scientifiques et la recherche interdisciplinaire. Nos produits sont non seulement r\u00e9compens\u00e9s par de nombreux prix prestigieux en science et en environnement, mais r\u00e9pondent \u00e9galement aux crit\u00e8res de s\u00e9curit\u00e9 alimentaire. Leur efficacit\u00e9 a \u00e9t\u00e9 v\u00e9rifi\u00e9e par des institutions de recherche reconnues et confirm\u00e9e par des certifications.<\/p>\n<p>Notre objectif chez Nanopool<sup>\u00ae<\/sup> est de fixer constamment de nouvelles normes pour des solutions de protection de surface durables et efficaces. Notre qu\u00eate incessante d\u2019innovation et de qualit\u00e9 vise \u00e0 cr\u00e9er des environnements plus s\u00fbrs et plus hygi\u00e9niques pour nous tous.<\/p>\n<\/div><\/div><\/div><\/div><\/div><div class=\"fusion-fullwidth fullwidth-box fusion-builder-row-2 fusion-flex-container has-pattern-background has-mask-background fusion-parallax-none nonhundred-percent-fullwidth non-hundred-percent-height-scrolling fusion-no-small-visibility fusion-no-medium-visibility fusion-animated\" style=\"--awb-border-radius-top-left:0px;--awb-border-radius-top-right:0px;--awb-border-radius-bottom-right:0px;--awb-border-radius-bottom-left:0px;--awb-padding-top:0px;--awb-padding-right:0px;--awb-padding-bottom:0px;--awb-padding-left:0px;--awb-margin-top:100px;--awb-margin-bottom:100px;--awb-background-image:linear-gradient(180deg, #0451a0 6%,rgba(255,255,255,0.69) 100%),url(https:\/\/www.nanopool.eu\/wp-content\/uploads\/2025\/03\/Collage_Puzzle-800x448.jpg);;--awb-background-size:cover;--awb-flex-wrap:wrap;\" data-animationType=\"fadeInLeft\" data-animationDuration=\"0.3\" data-animationOffset=\"top-into-view\" ><div class=\"fusion-builder-row fusion-row fusion-flex-align-items-flex-start fusion-flex-content-wrap\" style=\"max-width:1248px;margin-left: calc(-4% \/ 2 );margin-right: calc(-4% \/ 2 );\"><div class=\"fusion-layout-column fusion_builder_column fusion-builder-column-1 fusion_builder_column_2_3 2_3 fusion-flex-column fusion-flex-align-self-center\" style=\"--awb-padding-top:50px;--awb-padding-bottom:50px;--awb-bg-size:cover;--awb-width-large:66.666666666667%;--awb-margin-top-large:0px;--awb-spacing-right-large:2.88%;--awb-margin-bottom-large:20px;--awb-spacing-left-large:2.88%;--awb-width-medium:66.666666666667%;--awb-order-medium:0;--awb-spacing-right-medium:2.88%;--awb-spacing-left-medium:2.88%;--awb-width-small:100%;--awb-order-small:0;--awb-spacing-right-small:1.92%;--awb-spacing-left-small:1.92%;\" data-scroll-devices=\"small-visibility,medium-visibility,large-visibility\"><div class=\"fusion-column-wrapper fusion-column-has-shadow fusion-flex-justify-content-center fusion-content-layout-column\"><div class=\"fusion-text fusion-text-2\" style=\"--awb-content-alignment:left;--awb-font-size:50px;--awb-text-transform:uppercase;--awb-text-color:var(--awb-color1);--awb-margin-top:50px;--awb-text-font-family:&quot;Montserrat&quot;;--awb-text-font-style:normal;--awb-text-font-weight:700;\"><p><strong>Vous \u00eates int\u00e9ress\u00e9(e) par nos produits et services ?<\/strong><\/p>\n<\/div><\/div><\/div><div class=\"fusion-layout-column fusion_builder_column fusion-builder-column-2 fusion_builder_column_1_3 1_3 fusion-flex-column fusion-flex-align-self-center\" style=\"--awb-bg-size:cover;--awb-width-large:33.333333333333%;--awb-margin-top-large:0px;--awb-spacing-right-large:5.76%;--awb-margin-bottom-large:20px;--awb-spacing-left-large:5.76%;--awb-width-medium:33.333333333333%;--awb-order-medium:0;--awb-spacing-right-medium:5.76%;--awb-spacing-left-medium:5.76%;--awb-width-small:100%;--awb-order-small:0;--awb-spacing-right-small:1.92%;--awb-spacing-left-small:1.92%;\" data-scroll-devices=\"small-visibility,medium-visibility,large-visibility\"><div class=\"fusion-column-wrapper fusion-column-has-shadow fusion-flex-justify-content-center fusion-content-layout-column\"><div style=\"text-align:center;\"><a class=\"fusion-button button-flat button-xlarge button-custom fusion-button-default button-1 fusion-button-default-span fusion-button-default-type\" style=\"--button_accent_color:var(--awb-color1);--button_accent_hover_color:var(--awb-color1);--button_border_hover_color:var(--awb-color1);--button_gradient_top_color:var(--awb-color5);--button_gradient_bottom_color:var(--awb-color5);--button_gradient_top_color_hover:hsla(var(--awb-color5-h),calc(var(--awb-color5-s) - 5%),calc(var(--awb-color5-l) - 10%),var(--awb-color5-a));--button_gradient_bottom_color_hover:hsla(var(--awb-color5-h),calc(var(--awb-color5-s) - 5%),calc(var(--awb-color5-l) - 10%),var(--awb-color5-a));--button_text_transform:uppercase;--button_typography-font-family:&quot;Montserrat&quot;;--button_typography-font-style:normal;--button_typography-font-weight:700;\" target=\"_blank\" rel=\"noopener noreferrer\" href=\"https:\/\/www.nanopool.eu\/kontakt\/\"><span class=\"fusion-button-text awb-button__text awb-button__text--default\">contact express<\/span><\/a><\/div><\/div><\/div><\/div><\/div><div class=\"fusion-fullwidth fullwidth-box fusion-builder-row-3 fusion-flex-container has-pattern-background has-mask-background fusion-parallax-none nonhundred-percent-fullwidth non-hundred-percent-height-scrolling fusion-no-large-visibility fusion-animated\" style=\"--awb-border-radius-top-left:0px;--awb-border-radius-top-right:0px;--awb-border-radius-bottom-right:0px;--awb-border-radius-bottom-left:0px;--awb-margin-top:100px;--awb-margin-bottom:100px;--awb-background-image:linear-gradient(180deg, #0451a0 6%,rgba(255,255,255,0.69) 100%),url(https:\/\/www.nanopool.eu\/wp-content\/uploads\/2025\/03\/Collage_Puzzle-800x448.jpg);;--awb-background-size:cover;--awb-flex-wrap:wrap;\" data-animationType=\"fadeInLeft\" data-animationDuration=\"0.3\" data-animationOffset=\"top-into-view\" ><div class=\"fusion-builder-row fusion-row fusion-flex-align-items-flex-start fusion-flex-content-wrap\" style=\"max-width:1248px;margin-left: calc(-4% \/ 2 );margin-right: calc(-4% \/ 2 );\"><div class=\"fusion-layout-column fusion_builder_column fusion-builder-column-3 fusion_builder_column_1_1 1_1 fusion-flex-column fusion-flex-align-self-center\" style=\"--awb-padding-top:50px;--awb-padding-right:50px;--awb-padding-bottom:50px;--awb-padding-left:50px;--awb-bg-size:cover;--awb-width-large:100%;--awb-margin-top-large:0px;--awb-spacing-right-large:1.92%;--awb-margin-bottom-large:20px;--awb-spacing-left-large:1.92%;--awb-width-medium:100%;--awb-order-medium:0;--awb-spacing-right-medium:1.92%;--awb-spacing-left-medium:1.92%;--awb-width-small:100%;--awb-order-small:0;--awb-spacing-right-small:1.92%;--awb-spacing-left-small:1.92%;\" data-scroll-devices=\"small-visibility,medium-visibility,large-visibility\"><div class=\"fusion-column-wrapper fusion-column-has-shadow fusion-flex-justify-content-center fusion-content-layout-column\"><div class=\"fusion-text fusion-text-3\" style=\"--awb-content-alignment:center;--awb-font-size:30px;--awb-text-transform:uppercase;--awb-text-color:var(--awb-color1);--awb-margin-top:50px;--awb-text-font-family:&quot;Montserrat&quot;;--awb-text-font-style:normal;--awb-text-font-weight:700;\"><p style=\"text-align: center;\"><strong>Interess\u00e9(e)?<\/strong><\/p>\n<\/div><div style=\"text-align:center;\"><a class=\"fusion-button button-flat button-xlarge button-custom fusion-button-default button-2 fusion-button-default-span fusion-button-default-type\" style=\"--button_accent_color:var(--awb-color1);--button_accent_hover_color:var(--awb-color1);--button_border_hover_color:var(--awb-color1);--button_gradient_top_color:var(--awb-color5);--button_gradient_bottom_color:var(--awb-color5);--button_gradient_top_color_hover:hsla(var(--awb-color5-h),calc(var(--awb-color5-s) - 5%),calc(var(--awb-color5-l) - 10%),var(--awb-color5-a));--button_gradient_bottom_color_hover:hsla(var(--awb-color5-h),calc(var(--awb-color5-s) - 5%),calc(var(--awb-color5-l) - 10%),var(--awb-color5-a));--button_text_transform:uppercase;--button_typography-font-family:&quot;Montserrat&quot;;--button_typography-font-style:normal;--button_typography-font-weight:700;\" target=\"_blank\" rel=\"noopener noreferrer\" href=\"https:\/\/www.nanopool.eu\/kontakt\/\"><span class=\"fusion-button-text awb-button__text awb-button__text--default\">contact express<\/span><\/a><\/div><\/div><\/div><\/div><\/div><\/p>\n","protected":false},"excerpt":{"rendered":"","protected":false},"author":1,"featured_media":0,"parent":0,"menu_order":0,"comment_status":"closed","ping_status":"closed","template":"100-width.php","meta":{"footnotes":""},"class_list":["post-5154","page","type-page","status-publish","hentry"],"yoast_head":"<!-- This site is optimized with the Yoast SEO plugin v27.1.1 - https:\/\/yoast.com\/product\/yoast-seo-wordpress\/ -->\n<title>L&#039;entreprise - Nanobeschichtungen &amp; Liquid Glass Technologie | nanopool GmbH<\/title>\n<meta name=\"robots\" content=\"index, follow, max-snippet:-1, max-image-preview:large, max-video-preview:-1\" \/>\n<link rel=\"canonical\" href=\"https:\/\/www.nanopool.eu\/fr\/lentreprise\/\" \/>\n<meta property=\"og:locale\" content=\"fr_FR\" \/>\n<meta property=\"og:type\" content=\"article\" \/>\n<meta property=\"og:title\" content=\"L&#039;entreprise - Nanobeschichtungen &amp; Liquid Glass Technologie | nanopool GmbH\" \/>\n<meta property=\"og:url\" content=\"https:\/\/www.nanopool.eu\/fr\/lentreprise\/\" \/>\n<meta property=\"og:site_name\" content=\"Nanobeschichtungen &amp; Liquid Glass Technologie | nanopool GmbH\" \/>\n<meta property=\"article:modified_time\" content=\"2025-03-27T15:19:09+00:00\" \/>\n<meta name=\"twitter:card\" content=\"summary_large_image\" \/>\n<meta name=\"twitter:label1\" content=\"Dur\u00e9e de lecture estim\u00e9e\" \/>\n\t<meta name=\"twitter:data1\" content=\"24 minutes\" \/>\n<script type=\"application\/ld+json\" class=\"yoast-schema-graph\">{\"@context\":\"https:\/\/schema.org\",\"@graph\":[{\"@type\":\"WebPage\",\"@id\":\"https:\/\/www.nanopool.eu\/fr\/lentreprise\/\",\"url\":\"https:\/\/www.nanopool.eu\/fr\/lentreprise\/\",\"name\":\"L'entreprise - Nanobeschichtungen &amp; Liquid Glass Technologie | nanopool GmbH\",\"isPartOf\":{\"@id\":\"https:\/\/www.nanopool.eu\/fr\/#website\"},\"datePublished\":\"2025-02-07T13:17:22+00:00\",\"dateModified\":\"2025-03-27T15:19:09+00:00\",\"breadcrumb\":{\"@id\":\"https:\/\/www.nanopool.eu\/fr\/lentreprise\/#breadcrumb\"},\"inLanguage\":\"fr-FR\",\"potentialAction\":[{\"@type\":\"ReadAction\",\"target\":[\"https:\/\/www.nanopool.eu\/fr\/lentreprise\/\"]}]},{\"@type\":\"BreadcrumbList\",\"@id\":\"https:\/\/www.nanopool.eu\/fr\/lentreprise\/#breadcrumb\",\"itemListElement\":[{\"@type\":\"ListItem\",\"position\":1,\"name\":\"Startseite\",\"item\":\"https:\/\/www.nanopool.eu\/fr\/\"},{\"@type\":\"ListItem\",\"position\":2,\"name\":\"L&#8217;entreprise\"}]},{\"@type\":\"WebSite\",\"@id\":\"https:\/\/www.nanopool.eu\/fr\/#website\",\"url\":\"https:\/\/www.nanopool.eu\/fr\/\",\"name\":\"Nanobeschichtungen & Liquid Glass Technologie | nanopool GmbH\",\"description\":\"Kernkompetenz ultrad\u00fcnne Schichten\",\"publisher\":{\"@id\":\"https:\/\/www.nanopool.eu\/fr\/#organization\"},\"potentialAction\":[{\"@type\":\"SearchAction\",\"target\":{\"@type\":\"EntryPoint\",\"urlTemplate\":\"https:\/\/www.nanopool.eu\/fr\/?s={search_term_string}\"},\"query-input\":{\"@type\":\"PropertyValueSpecification\",\"valueRequired\":true,\"valueName\":\"search_term_string\"}}],\"inLanguage\":\"fr-FR\"},{\"@type\":\"Organization\",\"@id\":\"https:\/\/www.nanopool.eu\/fr\/#organization\",\"name\":\"Nanobeschichtungen & Liquid Glass Technologie | nanopool GmbH\",\"url\":\"https:\/\/www.nanopool.eu\/fr\/\",\"logo\":{\"@type\":\"ImageObject\",\"inLanguage\":\"fr-FR\",\"@id\":\"https:\/\/www.nanopool.eu\/fr\/#\/schema\/logo\/image\/\",\"url\":\"https:\/\/www.nanopool.eu\/wp-content\/uploads\/2025\/03\/cropped-np.png\",\"contentUrl\":\"https:\/\/www.nanopool.eu\/wp-content\/uploads\/2025\/03\/cropped-np.png\",\"width\":512,\"height\":512,\"caption\":\"Nanobeschichtungen & Liquid Glass Technologie | nanopool GmbH\"},\"image\":{\"@id\":\"https:\/\/www.nanopool.eu\/fr\/#\/schema\/logo\/image\/\"}}]}<\/script>\n<!-- \/ Yoast SEO plugin. -->","yoast_head_json":{"title":"L'entreprise - Nanobeschichtungen &amp; Liquid Glass Technologie | nanopool GmbH","robots":{"index":"index","follow":"follow","max-snippet":"max-snippet:-1","max-image-preview":"max-image-preview:large","max-video-preview":"max-video-preview:-1"},"canonical":"https:\/\/www.nanopool.eu\/fr\/lentreprise\/","og_locale":"fr_FR","og_type":"article","og_title":"L'entreprise - Nanobeschichtungen &amp; Liquid Glass Technologie | nanopool GmbH","og_url":"https:\/\/www.nanopool.eu\/fr\/lentreprise\/","og_site_name":"Nanobeschichtungen &amp; Liquid Glass Technologie | nanopool GmbH","article_modified_time":"2025-03-27T15:19:09+00:00","twitter_card":"summary_large_image","twitter_misc":{"Dur\u00e9e de lecture estim\u00e9e":"24 minutes"},"schema":{"@context":"https:\/\/schema.org","@graph":[{"@type":"WebPage","@id":"https:\/\/www.nanopool.eu\/fr\/lentreprise\/","url":"https:\/\/www.nanopool.eu\/fr\/lentreprise\/","name":"L'entreprise - Nanobeschichtungen &amp; Liquid Glass Technologie | nanopool GmbH","isPartOf":{"@id":"https:\/\/www.nanopool.eu\/fr\/#website"},"datePublished":"2025-02-07T13:17:22+00:00","dateModified":"2025-03-27T15:19:09+00:00","breadcrumb":{"@id":"https:\/\/www.nanopool.eu\/fr\/lentreprise\/#breadcrumb"},"inLanguage":"fr-FR","potentialAction":[{"@type":"ReadAction","target":["https:\/\/www.nanopool.eu\/fr\/lentreprise\/"]}]},{"@type":"BreadcrumbList","@id":"https:\/\/www.nanopool.eu\/fr\/lentreprise\/#breadcrumb","itemListElement":[{"@type":"ListItem","position":1,"name":"Startseite","item":"https:\/\/www.nanopool.eu\/fr\/"},{"@type":"ListItem","position":2,"name":"L&#8217;entreprise"}]},{"@type":"WebSite","@id":"https:\/\/www.nanopool.eu\/fr\/#website","url":"https:\/\/www.nanopool.eu\/fr\/","name":"Nanobeschichtungen & Liquid Glass Technologie | nanopool GmbH","description":"Kernkompetenz ultrad\u00fcnne Schichten","publisher":{"@id":"https:\/\/www.nanopool.eu\/fr\/#organization"},"potentialAction":[{"@type":"SearchAction","target":{"@type":"EntryPoint","urlTemplate":"https:\/\/www.nanopool.eu\/fr\/?s={search_term_string}"},"query-input":{"@type":"PropertyValueSpecification","valueRequired":true,"valueName":"search_term_string"}}],"inLanguage":"fr-FR"},{"@type":"Organization","@id":"https:\/\/www.nanopool.eu\/fr\/#organization","name":"Nanobeschichtungen & Liquid Glass Technologie | nanopool GmbH","url":"https:\/\/www.nanopool.eu\/fr\/","logo":{"@type":"ImageObject","inLanguage":"fr-FR","@id":"https:\/\/www.nanopool.eu\/fr\/#\/schema\/logo\/image\/","url":"https:\/\/www.nanopool.eu\/wp-content\/uploads\/2025\/03\/cropped-np.png","contentUrl":"https:\/\/www.nanopool.eu\/wp-content\/uploads\/2025\/03\/cropped-np.png","width":512,"height":512,"caption":"Nanobeschichtungen & Liquid Glass Technologie | nanopool GmbH"},"image":{"@id":"https:\/\/www.nanopool.eu\/fr\/#\/schema\/logo\/image\/"}}]}},"_links":{"self":[{"href":"https:\/\/www.nanopool.eu\/fr\/wp-json\/wp\/v2\/pages\/5154","targetHints":{"allow":["GET"]}}],"collection":[{"href":"https:\/\/www.nanopool.eu\/fr\/wp-json\/wp\/v2\/pages"}],"about":[{"href":"https:\/\/www.nanopool.eu\/fr\/wp-json\/wp\/v2\/types\/page"}],"author":[{"embeddable":true,"href":"https:\/\/www.nanopool.eu\/fr\/wp-json\/wp\/v2\/users\/1"}],"replies":[{"embeddable":true,"href":"https:\/\/www.nanopool.eu\/fr\/wp-json\/wp\/v2\/comments?post=5154"}],"version-history":[{"count":4,"href":"https:\/\/www.nanopool.eu\/fr\/wp-json\/wp\/v2\/pages\/5154\/revisions"}],"predecessor-version":[{"id":5164,"href":"https:\/\/www.nanopool.eu\/fr\/wp-json\/wp\/v2\/pages\/5154\/revisions\/5164"}],"wp:attachment":[{"href":"https:\/\/www.nanopool.eu\/fr\/wp-json\/wp\/v2\/media?parent=5154"}],"curies":[{"name":"wp","href":"https:\/\/api.w.org\/{rel}","templated":true}]}}