{"id":6324,"date":"2025-02-23T15:19:06","date_gmt":"2025-02-23T14:19:06","guid":{"rendered":"https:\/\/www.nanopool.eu\/un-global-compact\/"},"modified":"2025-04-02T10:52:21","modified_gmt":"2025-04-02T08:52:21","slug":"un-global-compact","status":"publish","type":"page","link":"https:\/\/www.nanopool.eu\/fr\/un-global-compact\/","title":{"rendered":"Un Global Compact"},"content":{"rendered":"<div class=\"fusion-fullwidth fullwidth-box fusion-builder-row-1 fusion-flex-container has-pattern-background has-mask-background nonhundred-percent-fullwidth non-hundred-percent-height-scrolling\" style=\"--awb-border-radius-top-left:0px;--awb-border-radius-top-right:0px;--awb-border-radius-bottom-right:0px;--awb-border-radius-bottom-left:0px;--awb-padding-top:0px;--awb-padding-right:150px;--awb-padding-bottom:0px;--awb-padding-left:150px;--awb-padding-top-medium:0px;--awb-padding-right-medium:0px;--awb-padding-bottom-medium:0px;--awb-padding-left-medium:0px;--awb-padding-top-small:0px;--awb-padding-right-small:0px;--awb-padding-bottom-small:0px;--awb-padding-left-small:0px;--awb-margin-top:100px;--awb-margin-bottom:50px;--awb-background-color:rgba(255,255,255,0.56);--awb-background-color-small:rgba(255,255,255,0.56);--awb-background-image:linear-gradient(180deg, var(--awb-color1) 0%,rgba(255,255,255,0) 100%);--awb-flex-wrap:wrap;--awb-flex-wrap-medium:nowrap;--awb-flex-wrap-small:wrap;\" ><div class=\"fusion-builder-row fusion-row fusion-flex-align-items-center fusion-flex-content-wrap\" style=\"max-width:1248px;margin-left: calc(-4% \/ 2 );margin-right: calc(-4% \/ 2 );\"><div class=\"fusion-layout-column fusion_builder_column fusion-builder-column-0 fusion_builder_column_1_2 1_2 fusion-flex-column fusion-flex-align-self-flex-start fusion-animated\" style=\"--awb-padding-right:40px;--awb-padding-bottom:60px;--awb-padding-left:40px;--awb-bg-color:rgba(255,255,255,0);--awb-bg-color-hover:rgba(255,255,255,0);--awb-bg-size:cover;--awb-width-large:50%;--awb-margin-top-large:0px;--awb-spacing-right-large:0px;--awb-margin-bottom-large:0px;--awb-spacing-left-large:0px;--awb-width-medium:100%;--awb-order-medium:0;--awb-spacing-right-medium:0px;--awb-spacing-left-medium:0px;--awb-width-small:100%;--awb-order-small:0;--awb-spacing-right-small:1.92%;--awb-spacing-left-small:1.92%;\" data-animationType=\"fadeInDown\" data-animationDuration=\"1.3\" data-animationOffset=\"top-into-view\" data-scroll-devices=\"small-visibility,medium-visibility,large-visibility\"><div class=\"fusion-column-wrapper fusion-column-has-shadow fusion-flex-justify-content-flex-start fusion-content-layout-column\"><div class=\"fusion-title title fusion-title-1 fusion-sep-none fusion-title-text fusion-title-size-two\" style=\"--awb-text-color:var(--awb-color6);--awb-margin-top:0px;--awb-margin-bottom:0px;--awb-margin-bottom-small:24px;\"><h2 class=\"fusion-title-heading title-heading-left fusion-responsive-typography-calculated\" style=\"font-family:&quot;Montserrat&quot;;font-style:normal;font-weight:600;margin:0;text-transform:uppercase;--fontSize:38;line-height:1.2;\"><header class=\"page-header\">\n<h1 class=\"page-title\">UN Global Compact<\/h1>\n<\/header>\n<div class=\"page-content\"><\/div><\/h2><\/div><div class=\"fusion-text fusion-text-1\" style=\"--awb-content-alignment:left;--awb-font-size:20px;--awb-text-color:var(--awb-color6);--awb-text-font-family:&quot;Montserrat&quot;;--awb-text-font-style:normal;--awb-text-font-weight:400;\"><p><strong>Rapport de progr\u00e8s 2024<\/strong><\/p>\n<p>Ch\u00e8res lectrices, chers lecteurs,<\/p>\n<p>Je suis heureux de pouvoir confirmer que Nanopool renouvelle son soutien aux dix principes du Pacte mondial des Nations Unies dans les domaines des droits de l&rsquo;homme, du travail, de l&rsquo;environnement et de la lutte contre la corruption.<\/p>\n<p>Dans notre communication annuelle sur les progr\u00e8s r\u00e9alis\u00e9s, nous exposons nos efforts continus pour int\u00e9grer les dix principes dans notre strat\u00e9gie d&rsquo;entreprise, notre culture d&rsquo;entreprise et nos op\u00e9rations quotidiennes, et pour contribuer aux objectifs des Nations Unies, notamment les objectifs de d\u00e9veloppement durable.<\/p>\n<p>Avec mes salutations les meilleures,<\/p>\n<p><img decoding=\"async\" class=\"alignnone wp-image-4474 size-fusion-200\" src=\"https:\/\/www.nanopool.eu\/wp-content\/uploads\/2025\/03\/Signatur-Unterschrift-Sascha-Schwindt_2000px-200x115.png\" alt=\"\" width=\"200\" height=\"115\" srcset=\"https:\/\/www.nanopool.eu\/wp-content\/uploads\/2025\/03\/Signatur-Unterschrift-Sascha-Schwindt_2000px-200x115.png 200w, https:\/\/www.nanopool.eu\/wp-content\/uploads\/2025\/03\/Signatur-Unterschrift-Sascha-Schwindt_2000px-300x173.png 300w, https:\/\/www.nanopool.eu\/wp-content\/uploads\/2025\/03\/Signatur-Unterschrift-Sascha-Schwindt_2000px-400x230.png 400w, https:\/\/www.nanopool.eu\/wp-content\/uploads\/2025\/03\/Signatur-Unterschrift-Sascha-Schwindt_2000px-600x345.png 600w, https:\/\/www.nanopool.eu\/wp-content\/uploads\/2025\/03\/Signatur-Unterschrift-Sascha-Schwindt_2000px-768x442.png 768w, https:\/\/www.nanopool.eu\/wp-content\/uploads\/2025\/03\/Signatur-Unterschrift-Sascha-Schwindt_2000px-800x460.png 800w, https:\/\/www.nanopool.eu\/wp-content\/uploads\/2025\/03\/Signatur-Unterschrift-Sascha-Schwindt_2000px-1024x589.png 1024w, https:\/\/www.nanopool.eu\/wp-content\/uploads\/2025\/03\/Signatur-Unterschrift-Sascha-Schwindt_2000px-1200x690.png 1200w, https:\/\/www.nanopool.eu\/wp-content\/uploads\/2025\/03\/Signatur-Unterschrift-Sascha-Schwindt_2000px-1536x884.png 1536w\" sizes=\"(max-width: 200px) 100vw, 200px\" \/><\/p>\n<p>Sascha Schwindt<\/p>\n<p>Associ\u00e9 g\u00e9rant<\/p>\n<\/div><\/div><\/div><div class=\"fusion-layout-column fusion_builder_column fusion-builder-column-1 fusion_builder_column_1_2 1_2 fusion-flex-column fusion-flex-align-self-flex-start fusion-animated\" style=\"--awb-padding-right:40px;--awb-padding-bottom:60px;--awb-padding-left:40px;--awb-bg-color:rgba(255,255,255,0);--awb-bg-color-hover:rgba(255,255,255,0);--awb-bg-size:cover;--awb-width-large:50%;--awb-margin-top-large:0px;--awb-spacing-right-large:0px;--awb-margin-bottom-large:50px;--awb-spacing-left-large:0px;--awb-width-medium:100%;--awb-order-medium:0;--awb-spacing-right-medium:0px;--awb-spacing-left-medium:0px;--awb-width-small:100%;--awb-order-small:0;--awb-spacing-right-small:1.92%;--awb-spacing-left-small:1.92%;\" data-animationType=\"fadeInDown\" data-animationDuration=\"1.3\" data-animationOffset=\"top-into-view\" data-scroll-devices=\"small-visibility,medium-visibility,large-visibility\"><div class=\"fusion-column-wrapper fusion-column-has-shadow fusion-flex-justify-content-flex-start fusion-content-layout-column\"><div class=\"fusion-image-element \" style=\"--awb-max-width:300px;--awb-caption-title-font-family:var(--h2_typography-font-family);--awb-caption-title-font-weight:var(--h2_typography-font-weight);--awb-caption-title-font-style:var(--h2_typography-font-style);--awb-caption-title-size:var(--h2_typography-font-size);--awb-caption-title-transform:var(--h2_typography-text-transform);--awb-caption-title-line-height:var(--h2_typography-line-height);--awb-caption-title-letter-spacing:var(--h2_typography-letter-spacing);\"><span class=\" fusion-imageframe imageframe-none imageframe-1 hover-type-none\"><img decoding=\"async\" width=\"400\" height=\"566\" title=\"COP_2024_fr\" src=\"https:\/\/www.nanopool.eu\/wp-content\/uploads\/2025\/04\/COP_2024_fr-400x566.png\" alt class=\"img-responsive wp-image-6336\" srcset=\"https:\/\/www.nanopool.eu\/wp-content\/uploads\/2025\/04\/COP_2024_fr-200x283.png 200w, https:\/\/www.nanopool.eu\/wp-content\/uploads\/2025\/04\/COP_2024_fr-400x566.png 400w, https:\/\/www.nanopool.eu\/wp-content\/uploads\/2025\/04\/COP_2024_fr.png 595w\" sizes=\"(max-width: 640px) 100vw, 400px\" \/><\/span><\/div><\/div><\/div><div class=\"fusion-layout-column fusion_builder_column fusion-builder-column-2 fusion_builder_column_1_1 1_1 fusion-flex-column fusion-flex-align-self-flex-start fusion-animated\" style=\"--awb-bg-color:rgba(255,255,255,0);--awb-bg-color-hover:rgba(255,255,255,0);--awb-bg-size:cover;--awb-width-large:100%;--awb-margin-top-large:0px;--awb-spacing-right-large:0px;--awb-margin-bottom-large:20px;--awb-spacing-left-large:1.92%;--awb-width-medium:100%;--awb-order-medium:0;--awb-spacing-right-medium:0px;--awb-spacing-left-medium:1.92%;--awb-width-small:100%;--awb-order-small:0;--awb-spacing-right-small:1.92%;--awb-spacing-left-small:1.92%;\" data-animationType=\"fadeInDown\" data-animationDuration=\"1.3\" data-animationOffset=\"top-into-view\" data-scroll-devices=\"small-visibility,medium-visibility,large-visibility\"><div class=\"fusion-column-wrapper fusion-column-has-shadow fusion-flex-justify-content-flex-start fusion-content-layout-column\"><\/div><\/div><\/div><\/div>\n","protected":false},"excerpt":{"rendered":"","protected":false},"author":1,"featured_media":0,"parent":0,"menu_order":0,"comment_status":"closed","ping_status":"closed","template":"100-width.php","meta":{"footnotes":""},"class_list":["post-6324","page","type-page","status-publish","hentry"],"yoast_head":"<!-- This site is optimized with the Yoast SEO plugin v27.1.1 - https:\/\/yoast.com\/product\/yoast-seo-wordpress\/ -->\n<title>Un Global Compact - Nanobeschichtungen &amp; Liquid Glass Technologie | nanopool GmbH<\/title>\n<meta name=\"robots\" content=\"index, follow, max-snippet:-1, max-image-preview:large, max-video-preview:-1\" \/>\n<link rel=\"canonical\" href=\"https:\/\/www.nanopool.eu\/fr\/un-global-compact\/\" \/>\n<meta property=\"og:locale\" content=\"fr_FR\" \/>\n<meta property=\"og:type\" content=\"article\" \/>\n<meta property=\"og:title\" content=\"Un Global Compact - Nanobeschichtungen &amp; Liquid Glass Technologie | nanopool GmbH\" \/>\n<meta property=\"og:url\" content=\"https:\/\/www.nanopool.eu\/fr\/un-global-compact\/\" \/>\n<meta property=\"og:site_name\" content=\"Nanobeschichtungen &amp; Liquid Glass Technologie | nanopool GmbH\" \/>\n<meta property=\"article:modified_time\" content=\"2025-04-02T08:52:21+00:00\" \/>\n<meta property=\"og:image\" content=\"https:\/\/www.nanopool.eu\/wp-content\/uploads\/2025\/03\/Signatur-Unterschrift-Sascha-Schwindt_2000px-1024x589.png\" \/>\n\t<meta property=\"og:image:width\" content=\"1024\" \/>\n\t<meta property=\"og:image:height\" content=\"589\" \/>\n\t<meta property=\"og:image:type\" content=\"image\/png\" \/>\n<meta name=\"twitter:card\" content=\"summary_large_image\" \/>\n<meta name=\"twitter:label1\" content=\"Dur\u00e9e de lecture estim\u00e9e\" \/>\n\t<meta name=\"twitter:data1\" content=\"14 minutes\" \/>\n<script type=\"application\/ld+json\" class=\"yoast-schema-graph\">{\"@context\":\"https:\/\/schema.org\",\"@graph\":[{\"@type\":\"WebPage\",\"@id\":\"https:\/\/www.nanopool.eu\/fr\/un-global-compact\/\",\"url\":\"https:\/\/www.nanopool.eu\/fr\/un-global-compact\/\",\"name\":\"Un Global Compact - Nanobeschichtungen &amp; Liquid Glass Technologie | nanopool GmbH\",\"isPartOf\":{\"@id\":\"https:\/\/www.nanopool.eu\/fr\/#website\"},\"primaryImageOfPage\":{\"@id\":\"https:\/\/www.nanopool.eu\/fr\/un-global-compact\/#primaryimage\"},\"image\":{\"@id\":\"https:\/\/www.nanopool.eu\/fr\/un-global-compact\/#primaryimage\"},\"thumbnailUrl\":\"https:\/\/www.nanopool.eu\/wp-content\/uploads\/2025\/03\/Signatur-Unterschrift-Sascha-Schwindt_2000px-200x115.png\",\"datePublished\":\"2025-02-23T14:19:06+00:00\",\"dateModified\":\"2025-04-02T08:52:21+00:00\",\"breadcrumb\":{\"@id\":\"https:\/\/www.nanopool.eu\/fr\/un-global-compact\/#breadcrumb\"},\"inLanguage\":\"fr-FR\",\"potentialAction\":[{\"@type\":\"ReadAction\",\"target\":[\"https:\/\/www.nanopool.eu\/fr\/un-global-compact\/\"]}]},{\"@type\":\"ImageObject\",\"inLanguage\":\"fr-FR\",\"@id\":\"https:\/\/www.nanopool.eu\/fr\/un-global-compact\/#primaryimage\",\"url\":\"https:\/\/www.nanopool.eu\/wp-content\/uploads\/2025\/03\/Signatur-Unterschrift-Sascha-Schwindt_2000px-200x115.png\",\"contentUrl\":\"https:\/\/www.nanopool.eu\/wp-content\/uploads\/2025\/03\/Signatur-Unterschrift-Sascha-Schwindt_2000px-200x115.png\"},{\"@type\":\"BreadcrumbList\",\"@id\":\"https:\/\/www.nanopool.eu\/fr\/un-global-compact\/#breadcrumb\",\"itemListElement\":[{\"@type\":\"ListItem\",\"position\":1,\"name\":\"Startseite\",\"item\":\"https:\/\/www.nanopool.eu\/fr\/\"},{\"@type\":\"ListItem\",\"position\":2,\"name\":\"Un Global Compact\"}]},{\"@type\":\"WebSite\",\"@id\":\"https:\/\/www.nanopool.eu\/fr\/#website\",\"url\":\"https:\/\/www.nanopool.eu\/fr\/\",\"name\":\"Nanobeschichtungen & Liquid Glass Technologie | nanopool GmbH\",\"description\":\"Kernkompetenz ultrad\u00fcnne Schichten\",\"publisher\":{\"@id\":\"https:\/\/www.nanopool.eu\/fr\/#organization\"},\"potentialAction\":[{\"@type\":\"SearchAction\",\"target\":{\"@type\":\"EntryPoint\",\"urlTemplate\":\"https:\/\/www.nanopool.eu\/fr\/?s={search_term_string}\"},\"query-input\":{\"@type\":\"PropertyValueSpecification\",\"valueRequired\":true,\"valueName\":\"search_term_string\"}}],\"inLanguage\":\"fr-FR\"},{\"@type\":\"Organization\",\"@id\":\"https:\/\/www.nanopool.eu\/fr\/#organization\",\"name\":\"Nanobeschichtungen & Liquid Glass Technologie | nanopool GmbH\",\"url\":\"https:\/\/www.nanopool.eu\/fr\/\",\"logo\":{\"@type\":\"ImageObject\",\"inLanguage\":\"fr-FR\",\"@id\":\"https:\/\/www.nanopool.eu\/fr\/#\/schema\/logo\/image\/\",\"url\":\"https:\/\/www.nanopool.eu\/wp-content\/uploads\/2025\/03\/cropped-np.png\",\"contentUrl\":\"https:\/\/www.nanopool.eu\/wp-content\/uploads\/2025\/03\/cropped-np.png\",\"width\":512,\"height\":512,\"caption\":\"Nanobeschichtungen & Liquid Glass Technologie | nanopool GmbH\"},\"image\":{\"@id\":\"https:\/\/www.nanopool.eu\/fr\/#\/schema\/logo\/image\/\"}}]}<\/script>\n<!-- \/ Yoast SEO plugin. -->","yoast_head_json":{"title":"Un Global Compact - Nanobeschichtungen &amp; Liquid Glass Technologie | nanopool GmbH","robots":{"index":"index","follow":"follow","max-snippet":"max-snippet:-1","max-image-preview":"max-image-preview:large","max-video-preview":"max-video-preview:-1"},"canonical":"https:\/\/www.nanopool.eu\/fr\/un-global-compact\/","og_locale":"fr_FR","og_type":"article","og_title":"Un Global Compact - Nanobeschichtungen &amp; Liquid Glass Technologie | nanopool GmbH","og_url":"https:\/\/www.nanopool.eu\/fr\/un-global-compact\/","og_site_name":"Nanobeschichtungen &amp; Liquid Glass Technologie | nanopool GmbH","article_modified_time":"2025-04-02T08:52:21+00:00","og_image":[{"width":1024,"height":589,"url":"https:\/\/www.nanopool.eu\/wp-content\/uploads\/2025\/03\/Signatur-Unterschrift-Sascha-Schwindt_2000px-1024x589.png","type":"image\/png"}],"twitter_card":"summary_large_image","twitter_misc":{"Dur\u00e9e de lecture estim\u00e9e":"14 minutes"},"schema":{"@context":"https:\/\/schema.org","@graph":[{"@type":"WebPage","@id":"https:\/\/www.nanopool.eu\/fr\/un-global-compact\/","url":"https:\/\/www.nanopool.eu\/fr\/un-global-compact\/","name":"Un Global Compact - Nanobeschichtungen &amp; Liquid Glass Technologie | nanopool GmbH","isPartOf":{"@id":"https:\/\/www.nanopool.eu\/fr\/#website"},"primaryImageOfPage":{"@id":"https:\/\/www.nanopool.eu\/fr\/un-global-compact\/#primaryimage"},"image":{"@id":"https:\/\/www.nanopool.eu\/fr\/un-global-compact\/#primaryimage"},"thumbnailUrl":"https:\/\/www.nanopool.eu\/wp-content\/uploads\/2025\/03\/Signatur-Unterschrift-Sascha-Schwindt_2000px-200x115.png","datePublished":"2025-02-23T14:19:06+00:00","dateModified":"2025-04-02T08:52:21+00:00","breadcrumb":{"@id":"https:\/\/www.nanopool.eu\/fr\/un-global-compact\/#breadcrumb"},"inLanguage":"fr-FR","potentialAction":[{"@type":"ReadAction","target":["https:\/\/www.nanopool.eu\/fr\/un-global-compact\/"]}]},{"@type":"ImageObject","inLanguage":"fr-FR","@id":"https:\/\/www.nanopool.eu\/fr\/un-global-compact\/#primaryimage","url":"https:\/\/www.nanopool.eu\/wp-content\/uploads\/2025\/03\/Signatur-Unterschrift-Sascha-Schwindt_2000px-200x115.png","contentUrl":"https:\/\/www.nanopool.eu\/wp-content\/uploads\/2025\/03\/Signatur-Unterschrift-Sascha-Schwindt_2000px-200x115.png"},{"@type":"BreadcrumbList","@id":"https:\/\/www.nanopool.eu\/fr\/un-global-compact\/#breadcrumb","itemListElement":[{"@type":"ListItem","position":1,"name":"Startseite","item":"https:\/\/www.nanopool.eu\/fr\/"},{"@type":"ListItem","position":2,"name":"Un Global Compact"}]},{"@type":"WebSite","@id":"https:\/\/www.nanopool.eu\/fr\/#website","url":"https:\/\/www.nanopool.eu\/fr\/","name":"Nanobeschichtungen & Liquid Glass Technologie | nanopool GmbH","description":"Kernkompetenz ultrad\u00fcnne Schichten","publisher":{"@id":"https:\/\/www.nanopool.eu\/fr\/#organization"},"potentialAction":[{"@type":"SearchAction","target":{"@type":"EntryPoint","urlTemplate":"https:\/\/www.nanopool.eu\/fr\/?s={search_term_string}"},"query-input":{"@type":"PropertyValueSpecification","valueRequired":true,"valueName":"search_term_string"}}],"inLanguage":"fr-FR"},{"@type":"Organization","@id":"https:\/\/www.nanopool.eu\/fr\/#organization","name":"Nanobeschichtungen & Liquid Glass Technologie | nanopool GmbH","url":"https:\/\/www.nanopool.eu\/fr\/","logo":{"@type":"ImageObject","inLanguage":"fr-FR","@id":"https:\/\/www.nanopool.eu\/fr\/#\/schema\/logo\/image\/","url":"https:\/\/www.nanopool.eu\/wp-content\/uploads\/2025\/03\/cropped-np.png","contentUrl":"https:\/\/www.nanopool.eu\/wp-content\/uploads\/2025\/03\/cropped-np.png","width":512,"height":512,"caption":"Nanobeschichtungen & Liquid Glass Technologie | nanopool GmbH"},"image":{"@id":"https:\/\/www.nanopool.eu\/fr\/#\/schema\/logo\/image\/"}}]}},"_links":{"self":[{"href":"https:\/\/www.nanopool.eu\/fr\/wp-json\/wp\/v2\/pages\/6324","targetHints":{"allow":["GET"]}}],"collection":[{"href":"https:\/\/www.nanopool.eu\/fr\/wp-json\/wp\/v2\/pages"}],"about":[{"href":"https:\/\/www.nanopool.eu\/fr\/wp-json\/wp\/v2\/types\/page"}],"author":[{"embeddable":true,"href":"https:\/\/www.nanopool.eu\/fr\/wp-json\/wp\/v2\/users\/1"}],"replies":[{"embeddable":true,"href":"https:\/\/www.nanopool.eu\/fr\/wp-json\/wp\/v2\/comments?post=6324"}],"version-history":[{"count":6,"href":"https:\/\/www.nanopool.eu\/fr\/wp-json\/wp\/v2\/pages\/6324\/revisions"}],"predecessor-version":[{"id":6348,"href":"https:\/\/www.nanopool.eu\/fr\/wp-json\/wp\/v2\/pages\/6324\/revisions\/6348"}],"wp:attachment":[{"href":"https:\/\/www.nanopool.eu\/fr\/wp-json\/wp\/v2\/media?parent=6324"}],"curies":[{"name":"wp","href":"https:\/\/api.w.org\/{rel}","templated":true}]}}