{"id":7349,"date":"2025-02-18T15:19:17","date_gmt":"2025-02-18T14:19:17","guid":{"rendered":"https:\/\/www.nanopool.eu\/mentions-legales\/"},"modified":"2025-04-29T10:28:34","modified_gmt":"2025-04-29T08:28:34","slug":"mentions-legales","status":"publish","type":"page","link":"https:\/\/www.nanopool.eu\/fr\/mentions-legales\/","title":{"rendered":"Mentions l\u00e9gales"},"content":{"rendered":"<div class=\"fusion-fullwidth fullwidth-box fusion-builder-row-1 fusion-flex-container has-pattern-background has-mask-background nonhundred-percent-fullwidth non-hundred-percent-height-scrolling\" style=\"--awb-border-radius-top-left:0px;--awb-border-radius-top-right:0px;--awb-border-radius-bottom-right:0px;--awb-border-radius-bottom-left:0px;--awb-padding-top:0px;--awb-padding-right:0px;--awb-padding-bottom:0px;--awb-padding-left:0px;--awb-padding-top-medium:0px;--awb-padding-right-medium:0px;--awb-padding-bottom-medium:0px;--awb-padding-left-medium:0px;--awb-padding-top-small:0px;--awb-padding-right-small:0px;--awb-padding-bottom-small:0px;--awb-padding-left-small:0px;--awb-margin-top:100px;--awb-margin-bottom:50px;--awb-background-color:rgba(255,255,255,0.56);--awb-background-color-small:rgba(255,255,255,0.56);--awb-background-image:linear-gradient(180deg, var(--awb-color1) 0%,rgba(255,255,255,0) 100%);--awb-flex-wrap:wrap;--awb-flex-wrap-medium:nowrap;--awb-flex-wrap-small:wrap;\" ><div class=\"fusion-builder-row fusion-row fusion-flex-align-items-center fusion-flex-content-wrap\" style=\"max-width:1248px;margin-left: calc(-4% \/ 2 );margin-right: calc(-4% \/ 2 );\"><div class=\"fusion-layout-column fusion_builder_column fusion-builder-column-0 fusion_builder_column_1_1 1_1 fusion-flex-column fusion-flex-align-self-center fusion-animated\" style=\"--awb-padding-right:40px;--awb-padding-bottom:60px;--awb-padding-left:40px;--awb-bg-color:rgba(255,255,255,0);--awb-bg-color-hover:rgba(255,255,255,0);--awb-bg-size:cover;--awb-width-large:100%;--awb-margin-top-large:50px;--awb-spacing-right-large:0px;--awb-margin-bottom-large:0px;--awb-spacing-left-large:0px;--awb-width-medium:100%;--awb-order-medium:0;--awb-spacing-right-medium:0px;--awb-spacing-left-medium:0px;--awb-width-small:100%;--awb-order-small:0;--awb-spacing-right-small:1.92%;--awb-spacing-left-small:1.92%;\" data-animationType=\"fadeInDown\" data-animationDuration=\"1.3\" data-animationOffset=\"top-into-view\" data-scroll-devices=\"small-visibility,medium-visibility,large-visibility\"><div class=\"fusion-column-wrapper fusion-column-has-shadow fusion-flex-justify-content-flex-start fusion-content-layout-column\"><div class=\"fusion-title title fusion-title-1 fusion-sep-none fusion-title-text fusion-title-size-one\" style=\"--awb-text-color:var(--awb-color6);--awb-margin-top:0px;--awb-margin-bottom:0px;--awb-margin-bottom-small:24px;\"><h1 class=\"fusion-title-heading title-heading-left fusion-responsive-typography-calculated\" style=\"font-family:&quot;Montserrat&quot;;font-style:normal;font-weight:600;margin:0;text-transform:uppercase;--fontSize:64;line-height:1.2;\">Mentions l\u00e9gales<\/h1><\/div><div class=\"fusion-text fusion-text-1\" style=\"--awb-content-alignment:left;--awb-font-size:20px;--awb-text-color:var(--awb-color6);--awb-text-font-family:&quot;Montserrat&quot;;--awb-text-font-style:normal;--awb-text-font-weight:400;\"><p class=\"\" data-start=\"0\" data-end=\"65\">nanopool GmbH<br data-start=\"13\" data-end=\"16\" \/>Zum Felsacker 76<br data-start=\"32\" data-end=\"35\" \/>66773 Schwalbach<br data-start=\"51\" data-end=\"54\" \/>Allemagne<\/p>\n<p class=\"\" data-start=\"67\" data-end=\"120\">T\u00e9l. : +49 6831 8902712<br data-start=\"90\" data-end=\"93\" \/>E-mail : <a rel=\"noopener\" data-start=\"102\" data-end=\"118\">info@nanopool.eu<\/a><\/p>\n<p class=\"\" data-start=\"122\" data-end=\"223\">Tribunal d&rsquo;enregistrement : Tribunal d&rsquo;instance de Sarrebruck<br data-start=\"183\" data-end=\"186\" \/>Num\u00e9ro d&rsquo;enregistrement : HRB 12596<\/p>\n<p class=\"\" data-start=\"225\" data-end=\"307\">Directeurs g\u00e9n\u00e9raux : Saskia Lokermans-Schwindt, Lilli Schwindt, Sascha Schwindt<\/p>\n<p class=\"\" data-start=\"309\" data-end=\"415\">Plateforme de la Commission europ\u00e9enne pour le r\u00e8glement en ligne des litiges : <a class=\"\" href=\"https:\/\/ec.europa.eu\/odr\" target=\"_new\" rel=\"noopener\" data-start=\"389\" data-end=\"413\">https:\/\/ec.europa.eu\/odr<\/a><\/p>\n<p class=\"\" data-start=\"417\" data-end=\"567\">Nous ne sommes ni oblig\u00e9s ni dispos\u00e9s \u00e0 participer \u00e0 une proc\u00e9dure de r\u00e8glement des litiges devant un organisme de m\u00e9diation pour les consommateurs.<\/p>\n<p class=\"\" data-start=\"569\" data-end=\"591\">Sources des images :<\/p>\n<p class=\"\" data-start=\"593\" data-end=\"704\">Vid\u00e9o d&rsquo;en-t\u00eate de la page d&rsquo;accueil : Vid\u00e9o stock ID : 3636190745 @ideadesign, sous licence via Shutterstock<\/p>\n<p class=\"\" data-start=\"706\" data-end=\"789\">Collage_Puzzle-scaled.jpg : Tous droits r\u00e9serv\u00e9s \u00e0 Little.Genius-Mediengestaltung<\/p>\n<p>SDG-Icons \u00a9 Vereinte Nationen \u2013 <a class=\"\" href=\"https:\/\/www.un.org\/sustainabledevelopment\" target=\"_new\" rel=\"noopener\" data-start=\"147\" data-end=\"225\">www.un.org\/sustainabledevelopment<\/a><\/p>\n<p class=\"\" data-start=\"791\" data-end=\"847\">Bois de termite : \u00a9 Raphael Maass &#8211; <a class=\"\" href=\"http:\/\/www.raphaelmaas.de\" target=\"_new\" rel=\"noopener\" data-start=\"827\" data-end=\"845\">www.raphaelmaas.de<\/a><\/p>\n<p class=\"\" data-start=\"849\" data-end=\"888\">\u00a9 pexels.com &#8211; <a class=\"\" href=\"https:\/\/www.pexels.com\" target=\"_new\" rel=\"noopener\" data-start=\"864\" data-end=\"886\">https:\/\/www.pexels.com<\/a><\/p>\n<p class=\"\" data-start=\"890\" data-end=\"925\">\u00a9 pixabay.com &#8211; <a class=\"\" href=\"https:\/\/pixabay.com\" target=\"_new\" rel=\"noopener\" data-start=\"906\" data-end=\"925\" data-is-last-node=\"\">https:\/\/pixabay.com<\/a><\/p>\n<p data-start=\"890\" data-end=\"925\"><strong>Cette mention l\u00e9gale est fournie conform\u00e9ment aux lois de la R\u00e9publique f\u00e9d\u00e9rale d&rsquo;Allemagne.<\/strong><\/p>\n<\/div><\/div><\/div><\/div><\/div>\n","protected":false},"excerpt":{"rendered":"","protected":false},"author":1,"featured_media":0,"parent":0,"menu_order":0,"comment_status":"closed","ping_status":"closed","template":"100-width.php","meta":{"footnotes":""},"class_list":["post-7349","page","type-page","status-publish","hentry"],"yoast_head":"<!-- This site is optimized with the Yoast SEO plugin v27.1.1 - https:\/\/yoast.com\/product\/yoast-seo-wordpress\/ -->\n<title>Mentions l\u00e9gales - Nanobeschichtungen &amp; Liquid Glass Technologie | nanopool GmbH<\/title>\n<meta name=\"robots\" content=\"index, follow, max-snippet:-1, max-image-preview:large, max-video-preview:-1\" \/>\n<link rel=\"canonical\" href=\"https:\/\/www.nanopool.eu\/fr\/mentions-legales\/\" \/>\n<meta property=\"og:locale\" content=\"fr_FR\" \/>\n<meta property=\"og:type\" content=\"article\" \/>\n<meta property=\"og:title\" content=\"Mentions l\u00e9gales - Nanobeschichtungen &amp; Liquid Glass Technologie | nanopool GmbH\" \/>\n<meta property=\"og:url\" content=\"https:\/\/www.nanopool.eu\/fr\/mentions-legales\/\" \/>\n<meta property=\"og:site_name\" content=\"Nanobeschichtungen &amp; Liquid Glass Technologie | nanopool GmbH\" \/>\n<meta property=\"article:modified_time\" content=\"2025-04-29T08:28:34+00:00\" \/>\n<meta name=\"twitter:card\" content=\"summary_large_image\" \/>\n<meta name=\"twitter:label1\" content=\"Dur\u00e9e de lecture estim\u00e9e\" \/>\n\t<meta name=\"twitter:data1\" content=\"8 minutes\" \/>\n<script type=\"application\/ld+json\" class=\"yoast-schema-graph\">{\"@context\":\"https:\/\/schema.org\",\"@graph\":[{\"@type\":\"WebPage\",\"@id\":\"https:\/\/www.nanopool.eu\/fr\/mentions-legales\/\",\"url\":\"https:\/\/www.nanopool.eu\/fr\/mentions-legales\/\",\"name\":\"Mentions l\u00e9gales - Nanobeschichtungen &amp; Liquid Glass Technologie | nanopool GmbH\",\"isPartOf\":{\"@id\":\"https:\/\/www.nanopool.eu\/fr\/#website\"},\"datePublished\":\"2025-02-18T14:19:17+00:00\",\"dateModified\":\"2025-04-29T08:28:34+00:00\",\"breadcrumb\":{\"@id\":\"https:\/\/www.nanopool.eu\/fr\/mentions-legales\/#breadcrumb\"},\"inLanguage\":\"fr-FR\",\"potentialAction\":[{\"@type\":\"ReadAction\",\"target\":[\"https:\/\/www.nanopool.eu\/fr\/mentions-legales\/\"]}]},{\"@type\":\"BreadcrumbList\",\"@id\":\"https:\/\/www.nanopool.eu\/fr\/mentions-legales\/#breadcrumb\",\"itemListElement\":[{\"@type\":\"ListItem\",\"position\":1,\"name\":\"Startseite\",\"item\":\"https:\/\/www.nanopool.eu\/fr\/\"},{\"@type\":\"ListItem\",\"position\":2,\"name\":\"Mentions l\u00e9gales\"}]},{\"@type\":\"WebSite\",\"@id\":\"https:\/\/www.nanopool.eu\/fr\/#website\",\"url\":\"https:\/\/www.nanopool.eu\/fr\/\",\"name\":\"Nanobeschichtungen & Liquid Glass Technologie | nanopool GmbH\",\"description\":\"Kernkompetenz ultrad\u00fcnne Schichten\",\"publisher\":{\"@id\":\"https:\/\/www.nanopool.eu\/fr\/#organization\"},\"potentialAction\":[{\"@type\":\"SearchAction\",\"target\":{\"@type\":\"EntryPoint\",\"urlTemplate\":\"https:\/\/www.nanopool.eu\/fr\/?s={search_term_string}\"},\"query-input\":{\"@type\":\"PropertyValueSpecification\",\"valueRequired\":true,\"valueName\":\"search_term_string\"}}],\"inLanguage\":\"fr-FR\"},{\"@type\":\"Organization\",\"@id\":\"https:\/\/www.nanopool.eu\/fr\/#organization\",\"name\":\"Nanobeschichtungen & Liquid Glass Technologie | nanopool GmbH\",\"url\":\"https:\/\/www.nanopool.eu\/fr\/\",\"logo\":{\"@type\":\"ImageObject\",\"inLanguage\":\"fr-FR\",\"@id\":\"https:\/\/www.nanopool.eu\/fr\/#\/schema\/logo\/image\/\",\"url\":\"https:\/\/www.nanopool.eu\/wp-content\/uploads\/2025\/03\/cropped-np.png\",\"contentUrl\":\"https:\/\/www.nanopool.eu\/wp-content\/uploads\/2025\/03\/cropped-np.png\",\"width\":512,\"height\":512,\"caption\":\"Nanobeschichtungen & Liquid Glass Technologie | nanopool GmbH\"},\"image\":{\"@id\":\"https:\/\/www.nanopool.eu\/fr\/#\/schema\/logo\/image\/\"}}]}<\/script>\n<!-- \/ Yoast SEO plugin. -->","yoast_head_json":{"title":"Mentions l\u00e9gales - Nanobeschichtungen &amp; Liquid Glass Technologie | nanopool GmbH","robots":{"index":"index","follow":"follow","max-snippet":"max-snippet:-1","max-image-preview":"max-image-preview:large","max-video-preview":"max-video-preview:-1"},"canonical":"https:\/\/www.nanopool.eu\/fr\/mentions-legales\/","og_locale":"fr_FR","og_type":"article","og_title":"Mentions l\u00e9gales - Nanobeschichtungen &amp; Liquid Glass Technologie | nanopool GmbH","og_url":"https:\/\/www.nanopool.eu\/fr\/mentions-legales\/","og_site_name":"Nanobeschichtungen &amp; Liquid Glass Technologie | nanopool GmbH","article_modified_time":"2025-04-29T08:28:34+00:00","twitter_card":"summary_large_image","twitter_misc":{"Dur\u00e9e de lecture estim\u00e9e":"8 minutes"},"schema":{"@context":"https:\/\/schema.org","@graph":[{"@type":"WebPage","@id":"https:\/\/www.nanopool.eu\/fr\/mentions-legales\/","url":"https:\/\/www.nanopool.eu\/fr\/mentions-legales\/","name":"Mentions l\u00e9gales - Nanobeschichtungen &amp; Liquid Glass Technologie | nanopool GmbH","isPartOf":{"@id":"https:\/\/www.nanopool.eu\/fr\/#website"},"datePublished":"2025-02-18T14:19:17+00:00","dateModified":"2025-04-29T08:28:34+00:00","breadcrumb":{"@id":"https:\/\/www.nanopool.eu\/fr\/mentions-legales\/#breadcrumb"},"inLanguage":"fr-FR","potentialAction":[{"@type":"ReadAction","target":["https:\/\/www.nanopool.eu\/fr\/mentions-legales\/"]}]},{"@type":"BreadcrumbList","@id":"https:\/\/www.nanopool.eu\/fr\/mentions-legales\/#breadcrumb","itemListElement":[{"@type":"ListItem","position":1,"name":"Startseite","item":"https:\/\/www.nanopool.eu\/fr\/"},{"@type":"ListItem","position":2,"name":"Mentions l\u00e9gales"}]},{"@type":"WebSite","@id":"https:\/\/www.nanopool.eu\/fr\/#website","url":"https:\/\/www.nanopool.eu\/fr\/","name":"Nanobeschichtungen & Liquid Glass Technologie | nanopool GmbH","description":"Kernkompetenz ultrad\u00fcnne Schichten","publisher":{"@id":"https:\/\/www.nanopool.eu\/fr\/#organization"},"potentialAction":[{"@type":"SearchAction","target":{"@type":"EntryPoint","urlTemplate":"https:\/\/www.nanopool.eu\/fr\/?s={search_term_string}"},"query-input":{"@type":"PropertyValueSpecification","valueRequired":true,"valueName":"search_term_string"}}],"inLanguage":"fr-FR"},{"@type":"Organization","@id":"https:\/\/www.nanopool.eu\/fr\/#organization","name":"Nanobeschichtungen & Liquid Glass Technologie | nanopool GmbH","url":"https:\/\/www.nanopool.eu\/fr\/","logo":{"@type":"ImageObject","inLanguage":"fr-FR","@id":"https:\/\/www.nanopool.eu\/fr\/#\/schema\/logo\/image\/","url":"https:\/\/www.nanopool.eu\/wp-content\/uploads\/2025\/03\/cropped-np.png","contentUrl":"https:\/\/www.nanopool.eu\/wp-content\/uploads\/2025\/03\/cropped-np.png","width":512,"height":512,"caption":"Nanobeschichtungen & Liquid Glass Technologie | nanopool GmbH"},"image":{"@id":"https:\/\/www.nanopool.eu\/fr\/#\/schema\/logo\/image\/"}}]}},"_links":{"self":[{"href":"https:\/\/www.nanopool.eu\/fr\/wp-json\/wp\/v2\/pages\/7349","targetHints":{"allow":["GET"]}}],"collection":[{"href":"https:\/\/www.nanopool.eu\/fr\/wp-json\/wp\/v2\/pages"}],"about":[{"href":"https:\/\/www.nanopool.eu\/fr\/wp-json\/wp\/v2\/types\/page"}],"author":[{"embeddable":true,"href":"https:\/\/www.nanopool.eu\/fr\/wp-json\/wp\/v2\/users\/1"}],"replies":[{"embeddable":true,"href":"https:\/\/www.nanopool.eu\/fr\/wp-json\/wp\/v2\/comments?post=7349"}],"version-history":[{"count":9,"href":"https:\/\/www.nanopool.eu\/fr\/wp-json\/wp\/v2\/pages\/7349\/revisions"}],"predecessor-version":[{"id":7863,"href":"https:\/\/www.nanopool.eu\/fr\/wp-json\/wp\/v2\/pages\/7349\/revisions\/7863"}],"wp:attachment":[{"href":"https:\/\/www.nanopool.eu\/fr\/wp-json\/wp\/v2\/media?parent=7349"}],"curies":[{"name":"wp","href":"https:\/\/api.w.org\/{rel}","templated":true}]}}